{"id":5281,"date":"2022-03-03T17:21:12","date_gmt":"2022-03-03T16:21:12","guid":{"rendered":"https:\/\/residencedorysuitericcione.it\/feedback-copy\/"},"modified":"2023-03-20T17:26:56","modified_gmt":"2023-03-20T16:26:56","slug":"feedback","status":"publish","type":"page","link":"https:\/\/residencedorysuitericcione.it\/de\/feedback\/","title":{"rendered":"Feedback"},"content":{"rendered":"\n    \n    <section class=\"my-fb-section-1 u-align-center u-clearfix u-grey-5 u-section-2\" id=\"sec-7d5b\">\n      <div class=\"u-clearfix u-sheet u-sheet-1\">\n        <h5 class=\"u-text u-text-1\"> Danke<\/h5>\n        <h1 class=\"u-text u-text-2\"> ANFRAGE GEMACHT<\/h1>\n        <h4 class=\"u-align-center u-text u-text-palette-1-base u-text-3\"> Vielen Dank f\u00fcr Ihr Interesse. Sie werden so schnell wie m\u00f6glich von einem unserer Mitarbeiter kontaktiert, um die gew\u00fcnschten Informationen zu erhalten.<\/h4>\n      <\/div>\n    <\/section>\n    \n    \n    \n  \n","protected":false},"excerpt":{"rendered":"<p>Danke ANFRAGE GEMACHT Vielen Dank f\u00fcr Ihr Interesse. Sie werden so schnell wie m\u00f6glich von einem unserer Mitarbeiter kontaktiert, um die gew\u00fcnschten Informationen zu erhalten.<\/p>\n","protected":false},"author":1,"featured_media":0,"parent":0,"menu_order":4,"comment_status":"closed","ping_status":"closed","template":"","meta":{"footnotes":""},"class_list":["post-5281","page","type-page","status-publish","hentry"],"aioseo_notices":[],"_links":{"self":[{"href":"https:\/\/residencedorysuitericcione.it\/de\/wp-json\/wp\/v2\/pages\/5281","targetHints":{"allow":["GET"]}}],"collection":[{"href":"https:\/\/residencedorysuitericcione.it\/de\/wp-json\/wp\/v2\/pages"}],"about":[{"href":"https:\/\/residencedorysuitericcione.it\/de\/wp-json\/wp\/v2\/types\/page"}],"author":[{"embeddable":true,"href":"https:\/\/residencedorysuitericcione.it\/de\/wp-json\/wp\/v2\/users\/1"}],"replies":[{"embeddable":true,"href":"https:\/\/residencedorysuitericcione.it\/de\/wp-json\/wp\/v2\/comments?post=5281"}],"version-history":[{"count":3,"href":"https:\/\/residencedorysuitericcione.it\/de\/wp-json\/wp\/v2\/pages\/5281\/revisions"}],"predecessor-version":[{"id":13136,"href":"https:\/\/residencedorysuitericcione.it\/de\/wp-json\/wp\/v2\/pages\/5281\/revisions\/13136"}],"wp:attachment":[{"href":"https:\/\/residencedorysuitericcione.it\/de\/wp-json\/wp\/v2\/media?parent=5281"}],"curies":[{"name":"wp","href":"https:\/\/api.w.org\/{rel}","templated":true}]}}