{"id":5243,"date":"2022-03-03T12:00:21","date_gmt":"2022-03-03T12:00:21","guid":{"rendered":"https:\/\/residencedorysuitericcione.it\/lista-offerte-copy\/"},"modified":"2025-03-05T16:17:30","modified_gmt":"2025-03-05T16:17:30","slug":"lista-offerte","status":"publish","type":"page","link":"https:\/\/residencedorysuitericcione.it\/fr\/lista-offerte\/","title":{"rendered":"OFFRES"},"content":{"rendered":"\n    \n    <section class=\"u-clearfix u-image u-shading u-section-2\" id=\"sec-e302\" style=\"background-image: linear-gradient(0deg, rgba(0, 0, 0, 0.2), rgba(0, 0, 0, 0.2)), url(&quot;https:\/\/residencedorysuitericcione.it\/wp-content\/uploads\/2021\/03\/OFFERTE_BANNER-2.jpg&quot;);\">\n      <div class=\"u-clearfix u-sheet u-sheet-1\">\n        <h1 class=\"u-align-left u-text u-text-white u-title u-text-1\"> OFFRES SP\u00c9CIALES<\/h1>\n        <h5 class=\"u-align-left u-text u-text-white u-text-2\"> NE LE LAISSEZ PAS S'\u00c9CHAPPER!<br><!--[endif]-->\n        <\/h5>\n      <\/div>\n    <\/section>\n    <section class=\"my-lo-section-2 u-align-center u-clearfix u-grey-5 u-section-3\" id=\"sec-7d5b\">\n      <div class=\"u-clearfix u-sheet u-sheet-1\">\n        <h3 class=\"u-align-center u-text u-text-1\"> OFFRES SP\u00c9CIALES<\/h3>\n      <\/div>\n    <\/section>\n    <section class=\"lista-offerte u-clearfix u-grey-5 u-section-4\" id=\"carousel_da1c\">\n      <div class=\"u-clearfix u-sheet u-valign-top u-sheet-1\">\n        <div  class=\"u-custom-php u-expanded-width u-custom-php-1\">\n\n\n    <section class=\"u-clearfix u-grey-5 lista-offerte\" id=\"carousel_ff15\">\n      <div class=\"u-clearfix u-sheet u-valign-top-lg u-valign-top-md u-valign-top-sm u-valign-top-xs u-sheet-1\">\n        <div class=\"u-expanded-width u-list u-repeater u-list-1\">\n                    <!-- Cosa fare se il loop non trova niente -->\n          \n\n        <\/div>\n      <\/div>\n    <\/section>\n<\/div>\n      <\/div>\n    <\/section>\n    <section class=\"my-rds-section-14 u-clearfix u-expanded-width-xl u-palette-2-light-2 u-section-5\" id=\"sec-1a41\">\n      <div class=\"u-clearfix u-sheet u-valign-middle u-sheet-1\">\n        <div  class=\"u-custom-php u-expanded-width u-custom-php-1\"><\/div>\n<\/div>\n<\/section>\n\n<section class=\"u-clearfix u-expanded-width-xl u-palette-2-light-2 u-section-15 my-u-section-15\" id=\"sec-b561\">\n      <div class=\"u-clearfix u-sheet u-sheet-1\">\n        <div class=\"u-clearfix u-expanded-width u-gutter-0 u-layout-wrap u-layout-wrap-1\">\n          <div class=\"u-gutter-0 u-layout\">\n            <div class=\"u-layout-row\">\n              <div class=\"u-size-60\">\n                <div class=\"u-layout-row\">\n                  <div class=\"u-container-style u-layout-cell u-right-cell u-size-60 u-white u-layout-cell-1\">\n                    <div class=\"u-container-layout u-container-layout-1\">\n                      <h5 class=\"u-align-center u-text u-text-palette-4-dark-3 u-text-1\">NOUS SERONS HEUREUX DE VOUS AVOIR COMME INVIT\u00c9<\/h5>\n                      <h2 style=\"font-size: 50px;font-weight: bold;color: #9b8194;\" class=\"u-align-center u-text u-text-2\">Demander le devis<\/h2> <!-- RICHIEDI UN PREVENTIVO -->\n                      <div class=\"u-expanded-width u-form u-form-1\">\n                        <form id=\"form_contatti\" action=\"https:\/\/residencedorysuitericcione.it\/wp-content\/themes\/RESIDENCE_DORY_SUITE\/include\/invia-mail.inc.php\" method=\"POST\" class=\"u-block-c1db-21 u-clearfix u-form-spacing-25 my-u-form-vertical u-inner-form\" source=\"custom\"><!-- hidden inputs for siteId and pageId -->\n                          <!-- added from form_contatti.html -->\n                          <input type=\"hidden\" id=\"Lingua\" name=\"lingua\" value=\"it\">                          <input type=\"hidden\" id=\"Lingua\" name=\"url\" value=\"residencedorysuitericcione.it\/fr\/wp-json\/wp\/v2\/pages\/5243\">\n\n                          <input type=\"text\" class=\"Contatto\" name=\"Contatto\"  onfocus=\"if (this.value == 'Contatto') {this.value = '';}\"\/>                          <!-- -->\n                          <div class=\"u-form-group u-form-name u-form-partition-factor-2 u-form-group-1\">\n                            <label for=\"name-e4cc\" class=\"u-form-control-hidden u-label u-label-1\">Name<\/label>\n                            <input type=\"text\" placeholder=\"Pr\u00e9nom *\" id=\"Nome\" name=\"nome\" class=\"u-border-no-bottom u-border-no-left u-border-no-right u-border-no-top u-grey-5 u-input u-input-rectangle\" required=\"\">\n                          <\/div>\n                          <div class=\"u-form-email u-form-group u-form-partition-factor-2 u-form-group-2\">\n                            <label for=\"email-e4cc\" class=\"u-form-control-hidden u-label u-label-2\">Cognome<\/label>\n                            <input type=\"text\" placeholder=\"Nom *\" id=\"Cognome\" name=\"cognome\" class=\"u-border-no-bottom u-border-no-left u-border-no-right u-border-no-top u-grey-5 u-input u-input-rectangle\" required=\"\">\n                          <\/div>\n                          <div class=\"u-form-group u-form-partition-factor-3 u-form-group-3\">\n                            <label for=\"text-439f\" class=\"u-form-control-hidden u-label u-label-3\">Email<\/label>\n                            <input type=\"email\" placeholder=\"Date de d\u00e9part *\" id=\"email\" name=\"email\" class=\"u-border-no-bottom u-border-no-left u-border-no-right u-border-no-top u-grey-5 u-input u-input-rectangle\" required=\"\">\n                          <\/div>\n                          <div class=\"u-form-group u-form-partition-factor-3 u-form-group-4\">\n                            <select id=\"tipologiacamera\" name=\"tipologiacamera\" class=\"my-ta-select u-border-no-bottom u-border-no-left u-border-no-right u-border-no-top u-grey-5 u-input u-input-rectangle\" >\n                              <option class='short' value=\"Tutti\" >TYPE D'APPARTEMENT<\/option>\n                                                            <option class='short' value=\"D-Three Suite\" # >D-Three Suite (appartement trois pi\u00e8ces 50 m2)<\/option> <!-- D-Three Suite (trilocale 50 mq) -->\n                                                          <\/select>\n                          <\/div>\n                          <div class=\"u-form-group u-form-partition-factor-3 u-form-group-5\">\n                            <label for=\"text-3747\" class=\"u-form-control-hidden u-label u-label-4\">Data Arrivo<\/label>\n                            <input type=\"text\" placeholder=\"Date d'arriv\u00e9e *\" id=\"input_from\" name=\"dataarrivo\" class=\"u-border-no-bottom u-border-no-left u-border-no-right u-border-no-top u-grey-5 u-input u-input-rectangle\" required>\n                          <\/div>\n                          <div class=\"u-form-group u-form-partition-factor-3 u-form-group-6\">\n                            <label for=\"text-96e6\" class=\"u-form-control-hidden u-label u-label-5\">Data Partenza<\/label>\n                            <input type=\"text\" placeholder=\"Date de d\u00e9part *\" id=\"input_to\" name=\"datapartenza\" class=\"u-border-no-bottom u-border-no-left u-border-no-right u-border-no-top u-grey-5 u-input u-input-rectangle\" required>\n                          <\/div><!-- always visible -->\n                          <div class=\"u-form-group u-form-partition-factor-2 u-form-group-7\">\n                            <select id=\"text-1ce9\" name=\"adulti\" class=\"u-border-no-bottom u-border-no-left u-border-no-right u-border-no-top u-grey-5 u-input u-input-rectangle\" required>\n                              <option value=\"\" disabled selected hidden>Adultes *<\/option>\n                              <option value=\"1\">1<\/option>\n                              <option value=\"2\">2<\/option>\n                              <option value=\"3\">3<\/option>\n                              <option value=\"4\">4<\/option>\n                              <option value=\"5\">5<\/option>\n                              <option value=\"6\">6<\/option>\n                              <option value=\"7\">7<\/option>\n                              <option value=\"8\">8<\/option>\n                              <option value=\"9\">9<\/option>\n                              <option value=\"10\">10<\/option>\n                              <option value=\"11\">11<\/option>\n                              <option value=\"12\">12<\/option>\n                            <\/select>\n                          <\/div>\n                          <div class=\"u-form-group u-form-partition-factor-2 u-form-group-8\">\n                            <select id=\"bambini\" name=\"Camera_1_Bambini\" class=\"u-border-no-bottom u-border-no-left u-border-no-right u-border-no-top u-grey-5 u-input u-input-rectangle\">\n                              <option style=\"color: gray;\" value=\"\" >Enfants<\/option>\n                              <option value=\"1\">1<\/option>\n                              <option value=\"2\">2<\/option>\n                              <option value=\"3\">3<\/option>\n                              <option value=\"4\">4<\/option>\n                            <\/select>\n                          <\/div>\n                          <div class=\"u-form-group u-form-partition-factor-4 u-form-group-9\">\n                            <select name=\"bambino1\" id=\"bambino1\" class=\"noshow etabambini u-border-no-bottom u-border-no-left u-border-no-right u-border-no-top u-grey-5 u-input u-input-rectangle\">\n                                <option value=\"\" selected=\"selected\">Enfant 1 an *<\/option>\n                                <option value=\"0\">0<\/option>\n                                <option value=\"1\">1<\/option>\n                                <option value=\"2\">2<\/option>\n                                <option value=\"3\">3<\/option>\n                                <option value=\"4\">4<\/option>\n                                <option value=\"5\">5<\/option>\n                                <option value=\"6\">6<\/option>\n                                <option value=\"7\">7<\/option>\n                                <option value=\"8\">8<\/option>\n                                <option value=\"9\">9<\/option>\n                                <option value=\"10\">10<\/option>\n                                <option value=\"11\">11<\/option>\n                                <option value=\"12\">12<\/option>\n                            <\/select>\n                          <\/div>\n                          <div class=\"u-form-group u-form-partition-factor-4 u-form-group-10\">\n                            <select id=\"bambino2\" name=\"bambino2\" class=\"noshow etabambini u-border-no-bottom u-border-no-left u-border-no-right u-border-no-top u-grey-5 u-input u-input-rectangle\">\n                                <option value=\"\" selected=\"selected\">Enfant 2 an *<\/option>\n                                <option value=\"0\">0<\/option>\n                                <option value=\"1\">1<\/option>\n                                <option value=\"2\">2<\/option>\n                                <option value=\"3\">3<\/option>\n                                <option value=\"4\">4<\/option>\n                                <option value=\"5\">5<\/option>\n                                <option value=\"6\">6<\/option>\n                                <option value=\"7\">7<\/option>\n                                <option value=\"8\">8<\/option>\n                                <option value=\"9\">9<\/option>\n                                <option value=\"10\">10<\/option>\n                                <option value=\"11\">11<\/option>\n                                <option value=\"12\">12<\/option>\n                            <\/select>\n                          <\/div>\n                          <div class=\"u-form-group u-form-partition-factor-4 u-form-group-11\">\n                            <select id=\"bambino3\" name=\"bambino3\" class=\"noshow etabambini u-border-no-bottom u-border-no-left u-border-no-right u-border-no-top u-grey-5 u-input u-input-rectangle\">\n                                <option value=\"\" selected=\"selected\">Enfant 3 an *<\/option>\n                                <option value=\"0\">0<\/option>\n                                <option value=\"1\">1<\/option>\n                                <option value=\"2\">2<\/option>\n                                <option value=\"3\">3<\/option>\n                                <option value=\"4\">4<\/option>\n                                <option value=\"5\">5<\/option>\n                                <option value=\"6\">6<\/option>\n                                <option value=\"7\">7<\/option>\n                                <option value=\"8\">8<\/option>\n                                <option value=\"9\">9<\/option>\n                                <option value=\"10\">10<\/option>\n                                <option value=\"11\">11<\/option>\n                                <option value=\"12\">12<\/option>\n                            <\/select>\n                          <\/div>\n                          <div class=\"u-form-group u-form-partition-factor-4 u-form-group-12\">\n                            <select id=\"bambino4\" name=\"bambino4\" class=\"noshow etabambini u-border-no-bottom u-border-no-left u-border-no-right u-border-no-top u-grey-5 u-input u-input-rectangle\">\n                                <option value=\"\" selected=\"selected\">Enfant 4 an *<\/option>\n                                <option value=\"0\">0<\/option>\n                                <option value=\"1\">1<\/option>\n                                <option value=\"2\">2<\/option>\n                                <option value=\"3\">3<\/option>\n                                <option value=\"4\">4<\/option>\n                                <option value=\"5\">5<\/option>\n                                <option value=\"6\">6<\/option>\n                                <option value=\"7\">7<\/option>\n                                <option value=\"8\">8<\/option>\n                                <option value=\"9\">9<\/option>\n                                <option value=\"10\">10<\/option>\n                                <option value=\"11\">11<\/option>\n                                <option value=\"12\">12<\/option>\n                            <\/select>\n                          <\/div>\n                          <div class=\"u-form-group u-form-message u-form-group-13\">\n                            <label for=\"message-e4cc\" class=\"u-form-control-hidden u-label u-label-12\">Messaggio<\/label>\n                            <textarea placeholder=\"Message\" rows=\"4\" cols=\"50\" id=\"message-e4cc\" name=\"note\" class=\"u-border-no-bottom u-border-no-left u-border-no-right u-border-no-top u-grey-5 u-input u-input-rectangle\"><\/textarea>\n                          <\/div>\n                          <div class=\"u-form-checkbox u-form-group u-form-group-14\">\n                            <input type=\"checkbox\" id=\"checkbox-a17a\" name=\"privacy\" value=\"On\" required=\"\">\n                            <label for=\"checkbox-a17a\" class=\"u-label u-label-15\" style=\"font-size:10px;\">Je prends note des informations sur le traitement des donn\u00e9es personnelles <label style=\"font-size: 17px;\">*<\/label> -\n                              <a href=\"privacy\">Lois<\/a>\n                            <\/label>\n                          <\/div> <!-- Prendo atto dell'informativa sul trattamento dei dati personali -->\n                          <div class=\"u-form-checkbox u-form-group u-form-group-15\">\n                            <input type=\"checkbox\" id=\"checkbox-a996\" name=\"newsletter\" value=\"On\">\n                            <label for=\"checkbox-a996\" class=\"u-label u-label-16\" style=\"font-size:10px;\">\n                              <span>J'autorise l'envoi de la newsletter et de la documentation p\u00e9riodique sur les tarifs et les offres<\/span> <!-- Autorizzo l'invio della newsletter e di periodica documentazione sulle tariffe e sulle offerte -->\n                              <span class=\"showFullText\"> pratiqu\u00e9 \u00e0 l'adresse indiqu\u00e9e par moi\n                                Nous vous informons que les donn\u00e9es que vous fournissez seront trait\u00e9es \u00e9lectroniquement conform\u00e9ment aux principes \u00e9tablis par la l\u00e9gislation en vigueur sur la protection des donn\u00e9es (R\u00e8glement UE n\u00b0 679 de 2016) dans le seul but de vous fournir les informations demand\u00e9es, et \u00e9ventuellement de d\u00e9finir \/ confirmer la r\u00e9servation des chambres et autres services.\n                                L'information compl\u00e8te sur les modalit\u00e9s et les finalit\u00e9s des traitements effectu\u00e9s est accessible via le lien suivant. Si vous souhaitez recevoir \u00e0 l'avenir, \u00e0 l'adresse que vous avez indiqu\u00e9e, notre newsletter \/ informations p\u00e9riodiques sur nos tarifs et offres sp\u00e9ciales, vous devez nous fournir le consentement appropri\u00e9.\n                                Cependant, vous pouvez ult\u00e9rieurement, \u00e0 tout moment, r\u00e9voquer ce consentement, comme indiqu\u00e9 dans les informations.                                <!-- praticate presso l'indirizzo da me indicato\n                                La informiamo che i dati da lei conferiti saranno trattati con mezzi informatici nel rispetto dei principi stabiliti dalla normativa vigente in materia di protezione di dati (Regolamento UE n. 679 del 2016) al solo fine di fornirle le informazioni richieste, ed eventualmente per definire\/confermare la prenotazione di camere e altri servizi.\n                                L'informativa completa sulle modalit\u00e0 e finalit\u00e0 dei trattamenti effettuati \u00e8 accessibile attraverso il seguente link. Se \u00e8 interessato a ricevere in futuro, all'indirizzo da lei indicato, la nostra newsletter\/periodiche informative sulle nostre tariffe e offerte speciali, dovr\u00e0 fornirci apposito consenso.\n                                Potr\u00e0 comunque successivamente, in ogni momento, revocare tale consenso, come indicato nella informativa.\n                                -->\n                                <\/span>\n                            <\/label>\n                          <\/div>\n                          <div style=\"margin-left: 25px; display:none; color:red; font-size: 13px;\" id=\"agree_chk_error\">\n                            Les champs marqu\u00e9 d'une \u00e9toile sont obligatoires.                            <!-- I campi contrassegnati da * sono obbligatori. -->\n                          <\/div>\n\n                          <div class=\"u-align-center-sm u-align-center-xs u-align-right-lg u-align-right-md u-align-right-xl u-form-group u-form-submit u-form-group-16\">\n                            <a href=\"#\" class=\"u-btn u-btn-submit u-button-style u-custom-font u-heading-font u-hover-palette-1-light-1 u-palette-2-base u-text-white u-btn-1\">Informations requises<\/a>\n                            <input id=\"invio_form\" type=\"submit\" value=\"INVIA\" name=\"inviarichiesta\" class=\"u-form-control-hidden u-grey-5\">\n                          <\/div>\n                        <\/form>\n                      <\/div>\n                    <\/div>\n                  <\/div>\n                <\/div>\n              <\/div>\n            <\/div>\n          <\/div>\n        <\/div>\n      <\/div>\n    <\/section>\n\n\n    <script type=\"text\/javascript\">\n\n    jQuery(\"#bambini\").attr(\"style\", \"color: gray\");\n    jQuery(\"select[name='Camera_1_Bambini']\").change(function() {\n        jQuery(\"#bambini\").attr(\"style\", \"color: black\");\n    });\n\n    jQuery(\"#tipologiacamera\").attr(\"style\", \"color: gray\");\n    jQuery(\"#tipologiacamera\").change(function() {\n        jQuery(\"#tipologiacamera\").attr(\"style\", \"color: black\");\n    });\n\n    jQuery(\"#form_contatti\").on(\"submit\",function(form)\n    {\n        if(!jQuery(\"#privacy\").prop(\"checked\"))\n        {\n            jQuery(\"#agree_chk_error\").show();\n            \/\/JQuery(\"#privacy\").addClass('check_required');\n        }\n        else\n        {\n            jQuery(\"#agree_chk_error\").hide();\n            \/\/JQuery(\"#privacy\").removeClass('check_required');\n        }\n    });\n\n    \/*var size = {\n      width: window.innerWidth || document.body.clientWidth,\n      height: window.innerHeight || document.body.clientHeight\n    }\n    console.log(size.width);\n    if(size.width >= 768 ){\n      console.log(size.width);\n      jQuery(\".short\").attr(\"data-limit\", 50);\n    } else if(size.width >= 500 && size.width <= 767) {\n      jQuery(\".short\").attr(\"data-limit\", 27);\n    } else if(size.width <= 499) {\n      jQuery(\".short\").attr(\"data-limit\", 20);\n    }\n\n\n\n    function shortString(selector) {\n    const elements = document.querySelectorAll(selector);\n    const tail = '...';\n    if (elements && elements.length) {\n      for (const element of elements) {\n        let text = element.innerText;\n        if (element.hasAttribute('data-limit')) {\n          if (text.length > element.dataset.limit) {\n            element.innerText = `${text.substring(0, element.dataset.limit - tail.length).trim()}${tail}`;\n          }\n        } else {\n          throw Error('Cannot find attribute \\'data-limit\\'');\n        }\n      }\n    }\n    }\n\n    window.onload = function() {\n    shortString('.short');\n  };*\/\n\n    <\/script>\n\n    <section>\n      <div>\n        <div>\n<\/div>\n      <\/div>\n    <\/section>\n    \n    \n    \n  \n","protected":false},"excerpt":{"rendered":"<p>OFFRES SP\u00c9CIALES NE LE LAISSEZ PAS S&rsquo;\u00c9CHAPPER! OFFRES SP\u00c9CIALES NOUS SERONS HEUREUX DE VOUS AVOIR COMME INVIT\u00c9 Demander le devis Name Cognome Email TYPE D&rsquo;APPARTEMENT D-Three Suite (appartement trois pi\u00e8ces 50 m2) Data Arrivo Data Partenza Adultes * 1 2 3 4 5 6 7 8 9 10 11 12 Enfants 1 2 3 4 &hellip; <a href=\"https:\/\/residencedorysuitericcione.it\/fr\/lista-offerte\/\" class=\"more-link\">Continue reading<span class=\"screen-reader-text\"> \u00ab\u00a0OFFRES\u00a0\u00bb<\/span><\/a><\/p>\n","protected":false},"author":1,"featured_media":0,"parent":0,"menu_order":3,"comment_status":"closed","ping_status":"open","template":"","meta":{"footnotes":""},"class_list":["post-5243","page","type-page","status-publish","hentry"],"aioseo_notices":[],"_hostinger_reach_plugin_has_subscription_block":false,"_hostinger_reach_plugin_is_elementor":false,"_links":{"self":[{"href":"https:\/\/residencedorysuitericcione.it\/fr\/wp-json\/wp\/v2\/pages\/5243","targetHints":{"allow":["GET"]}}],"collection":[{"href":"https:\/\/residencedorysuitericcione.it\/fr\/wp-json\/wp\/v2\/pages"}],"about":[{"href":"https:\/\/residencedorysuitericcione.it\/fr\/wp-json\/wp\/v2\/types\/page"}],"author":[{"embeddable":true,"href":"https:\/\/residencedorysuitericcione.it\/fr\/wp-json\/wp\/v2\/users\/1"}],"replies":[{"embeddable":true,"href":"https:\/\/residencedorysuitericcione.it\/fr\/wp-json\/wp\/v2\/comments?post=5243"}],"version-history":[{"count":5,"href":"https:\/\/residencedorysuitericcione.it\/fr\/wp-json\/wp\/v2\/pages\/5243\/revisions"}],"predecessor-version":[{"id":29626,"href":"https:\/\/residencedorysuitericcione.it\/fr\/wp-json\/wp\/v2\/pages\/5243\/revisions\/29626"}],"wp:attachment":[{"href":"https:\/\/residencedorysuitericcione.it\/fr\/wp-json\/wp\/v2\/media?parent=5243"}],"curies":[{"name":"wp","href":"https:\/\/api.w.org\/{rel}","templated":true}]}}