{"id":5245,"date":"2022-03-03T17:08:04","date_gmt":"2022-03-03T16:08:04","guid":{"rendered":"https:\/\/residencedorysuitericcione.it\/feedback-copy\/"},"modified":"2023-03-20T16:27:15","modified_gmt":"2023-03-20T15:27:15","slug":"feedback","status":"publish","type":"page","link":"https:\/\/residencedorysuitericcione.it\/fr\/feedback\/","title":{"rendered":"Feedback"},"content":{"rendered":"\n    \n    <section class=\"my-fb-section-1 u-align-center u-clearfix u-grey-5 u-section-2\" id=\"sec-7d5b\">\n      <div class=\"u-clearfix u-sheet u-sheet-1\">\n        <h5 class=\"u-text u-text-1\"> Merci<\/h5>\n        <h1 class=\"u-text u-text-2\"> DEMANDE FAIT<\/h1>\n        <h4 class=\"u-align-center u-text u-text-palette-1-base u-text-3\"> Merci de votre int\u00e9r\u00eat, vous serez contact\u00e9 dans les plus brefs d\u00e9lais par l'un de nos op\u00e9rateurs pour recevoir les informations que vous recherchez.<\/h4>\n      <\/div>\n    <\/section>\n    \n    \n    \n  \n","protected":false},"excerpt":{"rendered":"<p>Merci DEMANDE FAIT Merci de votre int\u00e9r\u00eat, vous serez contact\u00e9 dans les plus brefs d\u00e9lais par l&rsquo;un de nos op\u00e9rateurs pour recevoir les informations que vous recherchez.<\/p>\n","protected":false},"author":1,"featured_media":0,"parent":0,"menu_order":4,"comment_status":"closed","ping_status":"closed","template":"","meta":{"footnotes":""},"class_list":["post-5245","page","type-page","status-publish","hentry"],"aioseo_notices":[],"_links":{"self":[{"href":"https:\/\/residencedorysuitericcione.it\/fr\/wp-json\/wp\/v2\/pages\/5245","targetHints":{"allow":["GET"]}}],"collection":[{"href":"https:\/\/residencedorysuitericcione.it\/fr\/wp-json\/wp\/v2\/pages"}],"about":[{"href":"https:\/\/residencedorysuitericcione.it\/fr\/wp-json\/wp\/v2\/types\/page"}],"author":[{"embeddable":true,"href":"https:\/\/residencedorysuitericcione.it\/fr\/wp-json\/wp\/v2\/users\/1"}],"replies":[{"embeddable":true,"href":"https:\/\/residencedorysuitericcione.it\/fr\/wp-json\/wp\/v2\/comments?post=5245"}],"version-history":[{"count":3,"href":"https:\/\/residencedorysuitericcione.it\/fr\/wp-json\/wp\/v2\/pages\/5245\/revisions"}],"predecessor-version":[{"id":13105,"href":"https:\/\/residencedorysuitericcione.it\/fr\/wp-json\/wp\/v2\/pages\/5245\/revisions\/13105"}],"wp:attachment":[{"href":"https:\/\/residencedorysuitericcione.it\/fr\/wp-json\/wp\/v2\/media?parent=5245"}],"curies":[{"name":"wp","href":"https:\/\/api.w.org\/{rel}","templated":true}]}}